{"id":464,"date":"2014-12-08T17:40:55","date_gmt":"2014-12-08T15:40:55","guid":{"rendered":"https:\/\/chloe-fernstrom.fr\/?page_id=464"},"modified":"2021-02-04T17:27:22","modified_gmt":"2021-02-04T16:27:22","slug":"mentions-legales","status":"publish","type":"page","link":"https:\/\/chloe-fernstrom.fr\/sv\/anvandarvillkor\/","title":{"rendered":"Anv\u00e4ndarvillkor"},"content":{"rendered":"<h3>Publisher<\/h3>\n<p>Ma\u00eetre Chlo\u00e9 FERNSTR\u00d6M is the publisher of the web\u00a0sites chloe-fernstrom.fr and\u00a0chloe-fernstrom.fr<\/p>\n<h3>Web site hosting<\/h3>\n<p>This web site is hosted by the company Infomaniak Network SA, situ\u00e9e Avenue de ka Praille, 26 &#8211; 1227 Carouge, Switzerland.<\/p>\n<h3>Web site creation<\/h3>\n<p><a href=\"https:\/\/www.tekomatik.com\">This web site is created by the web agency Tekomatik<\/a>, based in Villard de Lans, France. Illustration av\u00a0<a href=\"http:\/\/noemiecedille.fr\/\" target=\"_blank\" rel=\"noopener\">No\u00e9mie C\u00e9dille<\/a>.<\/p>\n<h3>Use of cookies<\/h3>\n<p>Our use of cookies is described <a title=\"Cookies\" href=\"https:\/\/chloe-fernstrom.fr\/?page_id=459\">here<\/a>.<\/p>\n<h3>Privacy<\/h3>\n<p>The\u00a0personal information collected in forms on this web site is exclusively used for communication by email with our staff and is not stored in other forms. This information is only used by the Firm for administrative and commercial purposes. It is never communicated to third parties.<\/p>\n<p>In accordance with the French law n\u00b0 78-17 of January 6, 1978, you are entitled to consult, modify or request the removal on legitimate grounds of any personal information concerning yourself. Such a request should be sent to:<\/p>\n<p>Cabinet d\u2019avocats Chlo\u00e9 Fernstr\u00f6m, 78 cours de Verdun, 33000 Bordeaux.","protected":false},"excerpt":{"rendered":"<p>Publisher Ma\u00eetre Chlo\u00e9 FERNSTR\u00d6M is the publisher of the web\u00a0sites chloe-fernstrom.fr and\u00a0chloe-fernstrom.fr Web site hosting This web site is hosted by the company Infomaniak Network SA, situ\u00e9e Avenue de ka Praille, 26 &#8211; 1227 Carouge, Switzerland. Web site creation This web site is created by the web agency Tekomatik, based in Villard de Lans, France. [&hellip;]<\/p>\n","protected":false},"author":1,"featured_media":0,"parent":0,"menu_order":0,"comment_status":"closed","ping_status":"open","template":"","meta":{"_acf_changed":false,"_monsterinsights_skip_tracking":false,"_monsterinsights_sitenote_active":false,"_monsterinsights_sitenote_note":"","_monsterinsights_sitenote_category":0,"footnotes":""},"acf":[],"_links":{"self":[{"href":"https:\/\/chloe-fernstrom.fr\/sv\/wp-json\/wp\/v2\/pages\/464"}],"collection":[{"href":"https:\/\/chloe-fernstrom.fr\/sv\/wp-json\/wp\/v2\/pages"}],"about":[{"href":"https:\/\/chloe-fernstrom.fr\/sv\/wp-json\/wp\/v2\/types\/page"}],"author":[{"embeddable":true,"href":"https:\/\/chloe-fernstrom.fr\/sv\/wp-json\/wp\/v2\/users\/1"}],"replies":[{"embeddable":true,"href":"https:\/\/chloe-fernstrom.fr\/sv\/wp-json\/wp\/v2\/comments?post=464"}],"version-history":[{"count":9,"href":"https:\/\/chloe-fernstrom.fr\/sv\/wp-json\/wp\/v2\/pages\/464\/revisions"}],"predecessor-version":[{"id":1169,"href":"https:\/\/chloe-fernstrom.fr\/sv\/wp-json\/wp\/v2\/pages\/464\/revisions\/1169"}],"wp:attachment":[{"href":"https:\/\/chloe-fernstrom.fr\/sv\/wp-json\/wp\/v2\/media?parent=464"}],"curies":[{"name":"wp","href":"https:\/\/api.w.org\/{rel}","templated":true}]}}