{"id":43,"date":"2014-08-27T15:02:20","date_gmt":"2014-08-27T13:02:20","guid":{"rendered":"http:\/\/chloe.fernstromonthe.net\/?page_id=43"},"modified":"2021-01-12T15:44:30","modified_gmt":"2021-01-12T14:44:30","slug":"services-linguistiques","status":"publish","type":"page","link":"https:\/\/chloe-fernstrom.fr\/sv\/kompetensomraden\/spraklig-hjalp-till-andra-advokatbyraer\/","title":{"rendered":"Spr\u00e5klig hj\u00e4lp till andra advokatbyr\u00e5er"},"content":{"rendered":"<p><p>Vi arbetar dagligen med internationella klienter och v\u00e5r byr\u00e5 har \u00a0betydande kompetens med utarbetande av avtal, utredningar och rapporter p\u00e5 franska och engelska.<\/p>\n<p>Vi erbjuder d\u00e4rf\u00f6r \u00e4ven spr\u00e5klig hj\u00e4lp till andra advokatbyr\u00e5er med\u00a0att utarbeta eller\u00a0\u00f6vers\u00e4tta alla slags juridiska dokument p\u00e5 \u00a0franska eller engelska, till exempel utg\u00e5ende fr\u00e5n underlag p\u00e5 svenska.<\/p>\n<p>&nbsp;<\/p>\n<\/p>","protected":false},"excerpt":{"rendered":"<p>Vi arbetar dagligen med internationella klienter och v\u00e5r byr\u00e5 har \u00a0betydande kompetens med utarbetande av avtal, utredningar och rapporter p\u00e5 franska och engelska. Vi erbjuder d\u00e4rf\u00f6r \u00e4ven spr\u00e5klig hj\u00e4lp till andra advokatbyr\u00e5er med\u00a0att utarbeta eller\u00a0\u00f6vers\u00e4tta alla slags juridiska dokument p\u00e5 \u00a0franska eller engelska, till exempel utg\u00e5ende fr\u00e5n underlag p\u00e5 svenska. &nbsp;<\/p>\n","protected":false},"author":2,"featured_media":0,"parent":31,"menu_order":3,"comment_status":"closed","ping_status":"closed","template":"","meta":{"_acf_changed":false,"_monsterinsights_skip_tracking":false,"_monsterinsights_sitenote_active":false,"_monsterinsights_sitenote_note":"","_monsterinsights_sitenote_category":0,"footnotes":""},"acf":[],"_links":{"self":[{"href":"https:\/\/chloe-fernstrom.fr\/sv\/wp-json\/wp\/v2\/pages\/43"}],"collection":[{"href":"https:\/\/chloe-fernstrom.fr\/sv\/wp-json\/wp\/v2\/pages"}],"about":[{"href":"https:\/\/chloe-fernstrom.fr\/sv\/wp-json\/wp\/v2\/types\/page"}],"author":[{"embeddable":true,"href":"https:\/\/chloe-fernstrom.fr\/sv\/wp-json\/wp\/v2\/users\/2"}],"replies":[{"embeddable":true,"href":"https:\/\/chloe-fernstrom.fr\/sv\/wp-json\/wp\/v2\/comments?post=43"}],"version-history":[{"count":1,"href":"https:\/\/chloe-fernstrom.fr\/sv\/wp-json\/wp\/v2\/pages\/43\/revisions"}],"predecessor-version":[{"id":1154,"href":"https:\/\/chloe-fernstrom.fr\/sv\/wp-json\/wp\/v2\/pages\/43\/revisions\/1154"}],"up":[{"embeddable":true,"href":"https:\/\/chloe-fernstrom.fr\/sv\/wp-json\/wp\/v2\/pages\/31"}],"wp:attachment":[{"href":"https:\/\/chloe-fernstrom.fr\/sv\/wp-json\/wp\/v2\/media?parent=43"}],"curies":[{"name":"wp","href":"https:\/\/api.w.org\/{rel}","templated":true}]}}