{"id":464,"date":"2014-12-08T17:40:55","date_gmt":"2014-12-08T15:40:55","guid":{"rendered":"https:\/\/chloe-fernstrom.fr\/?page_id=464"},"modified":"2021-02-04T17:27:22","modified_gmt":"2021-02-04T16:27:22","slug":"mentions-legales","status":"publish","type":"page","link":"https:\/\/chloe-fernstrom.fr\/fr\/mentions-legales\/","title":{"rendered":"Mentions l\u00e9gales"},"content":{"rendered":"<h3>Directeur de la publication<\/h3>\n<p>Ma\u00eetre Chlo\u00e9 FERNSTR\u00d6M est la directrice de la publication des sites chloe-fernstrom.fr et\u00a0chloe-fernstrom.fr<\/p>\n<h3>H\u00e9bergement<\/h3>\n<p>Le pr\u00e9sent site est h\u00e9berg\u00e9 par la soci\u00e9t\u00e9 Infomaniak Network SA, situ\u00e9e Avenue de ka Praille, 26 &#8211; 1227 Carouge, Suisse.<\/p>\n<h3>Creation site<\/h3>\n<p><a href=\"https:\/\/www.tekomatik.com\">Le pr\u00e9sent site a \u00e9te cr\u00e9\u00e9 par l&rsquo;agence Web Tekomatik<\/a> \u00e0 Villard de Lans. Illustration par <a href=\"http:\/\/noemiecedille.fr\/\" target=\"_blank\" rel=\"noopener\">No\u00e9mie C\u00e9dille<\/a>.<\/p>\n<h3>Utilisation de Cookies<\/h3>\n<p>L&rsquo;utilisation des cookies du pr\u00e9sent site est d\u00e9crite <a title=\"Cookies\" href=\"https:\/\/chloe-fernstrom.fr\/?page_id=459\">ici<\/a>.<\/p>\n<h3>Informatique et libert\u00e9s<\/h3>\n<p>Des donn\u00e9es personnelles qui ont \u00e9t\u00e9 recueillies par l\u2019interm\u00e9diaire des formulaires de ce site sont exclusivement\u00a0utilis\u00e9es pour la communication par m\u00e9l \u00e0 nos collaborateurs et ne sont pas enregistr\u00e9es ou stock\u00e9es autrement. Elles\u00a0sont uniquement utilis\u00e9es par le Cabinet \u00e0 des fins de gestion administrative et commerciale. Elles ne seront jamais revendues \u00e0 des tiers.<\/p>\n<p>Conform\u00e9ment \u00e0 la loi n\u00b0 78-17 du 6 janvier 1978, vous disposez d\u2019un droit d\u2019acc\u00e8s, de modification ou d\u2019opposition pour motif l\u00e9gitime aux donn\u00e9es \u00e0 caract\u00e8re personnel vous concernant.<\/p>\n<p>Vous pouvez exercer ces droits en \u00e9crivant par courrier \u00e0 l\u2019adresse suivante :<br \/>\nCabinet d\u2019avocats Chlo\u00e9 Fernstr\u00f6m,\u00a078 cours de Verdun, 33000 Bordeaux.","protected":false},"excerpt":{"rendered":"<p>Directeur de la publication Ma\u00eetre Chlo\u00e9 FERNSTR\u00d6M est la directrice de la publication des sites chloe-fernstrom.fr et\u00a0chloe-fernstrom.fr H\u00e9bergement Le pr\u00e9sent site est h\u00e9berg\u00e9 par la soci\u00e9t\u00e9 Infomaniak Network SA, situ\u00e9e Avenue de ka Praille, 26 &#8211; 1227 Carouge, Suisse. Creation site Le pr\u00e9sent site a \u00e9te cr\u00e9\u00e9 par l&rsquo;agence Web Tekomatik \u00e0 Villard de Lans. [&hellip;]<\/p>\n","protected":false},"author":1,"featured_media":0,"parent":0,"menu_order":0,"comment_status":"closed","ping_status":"open","template":"","meta":{"_acf_changed":false,"_monsterinsights_skip_tracking":false,"_monsterinsights_sitenote_active":false,"_monsterinsights_sitenote_note":"","_monsterinsights_sitenote_category":0,"footnotes":""},"acf":[],"_links":{"self":[{"href":"https:\/\/chloe-fernstrom.fr\/fr\/wp-json\/wp\/v2\/pages\/464"}],"collection":[{"href":"https:\/\/chloe-fernstrom.fr\/fr\/wp-json\/wp\/v2\/pages"}],"about":[{"href":"https:\/\/chloe-fernstrom.fr\/fr\/wp-json\/wp\/v2\/types\/page"}],"author":[{"embeddable":true,"href":"https:\/\/chloe-fernstrom.fr\/fr\/wp-json\/wp\/v2\/users\/1"}],"replies":[{"embeddable":true,"href":"https:\/\/chloe-fernstrom.fr\/fr\/wp-json\/wp\/v2\/comments?post=464"}],"version-history":[{"count":9,"href":"https:\/\/chloe-fernstrom.fr\/fr\/wp-json\/wp\/v2\/pages\/464\/revisions"}],"predecessor-version":[{"id":1169,"href":"https:\/\/chloe-fernstrom.fr\/fr\/wp-json\/wp\/v2\/pages\/464\/revisions\/1169"}],"wp:attachment":[{"href":"https:\/\/chloe-fernstrom.fr\/fr\/wp-json\/wp\/v2\/media?parent=464"}],"curies":[{"name":"wp","href":"https:\/\/api.w.org\/{rel}","templated":true}]}}