{"id":459,"date":"2014-12-08T12:56:34","date_gmt":"2014-12-08T10:56:34","guid":{"rendered":"https:\/\/chloe-fernstrom.fr\/?page_id=459"},"modified":"2014-12-10T14:58:10","modified_gmt":"2014-12-10T12:58:10","slug":"cookies","status":"publish","type":"page","link":"https:\/\/chloe-fernstrom.fr\/fr\/cookies\/","title":{"rendered":"Cookies"},"content":{"rendered":"<p align=\"left\">Comme sur un grand nombre de sites Web, lorsque vous consultez notre\u00a0site, nous pouvons \u00eatre amen\u00e9s \u00e0 installer, sous r\u00e9serve de votre choix, diff\u00e9rents cookies.<\/p>\n<p align=\"left\">Un cookie est un petit fichier d\u00e9pos\u00e9 par un site internet sur le terminal d\u2019un utilisateur et qui enregistre les param\u00e8tres Internet de celui-ci. Il est t\u00e9l\u00e9charg\u00e9 via le\u00a0navigateur lorsque vous visitez le\u00a0site. Lorsque vous retournez sur ce site \u00e0 l&rsquo;aide du m\u00eame ordinateur, le navigateur peut v\u00e9rifier si un cookie correspondant est pr\u00e9sent\u00a0 et utiliser les donn\u00e9es contenues dans ce cookie pour les transmettre au site.<\/p>\n<p align=\"left\">Les cookies sont importants pour le bon fonctionnement d&rsquo;un site. Ils permettent de conserver les informations de connexion et fournir une connexion s\u00fbre, collecter les statistiques en vue d&rsquo;optimiser les fonctionnalit\u00e9s du site et adapter le contenu \u00e0 vos centres d&rsquo;int\u00e9r\u00eat. Nous utilisons les cookies suivants:<\/p>\n<ul>\n<li>Les cookies analytiques &#8211; Google Analytics. Egalement appel\u00e9s cookies de mesure d\u2019audience, ces cookies nous permettent d\u2019obtenir des informations quant \u00e0 la fr\u00e9quentation de nos sites Web, de conna\u00eetre leurs utilisations par les internautes et de mesurer leurs performances. Des statistiques de fr\u00e9quentation sont faites gr\u00e2ce \u00e0 ces cookies ce qui nous permet ensuite de d\u00e9tecter des probl\u00e8mes de navigation sur nos sites afin d\u2019en am\u00e9liorer le fonctionnement ou encore de mettre en avant certains contenus particuli\u00e8rement demand\u00e9s par les internautes.<\/li>\n<li>Les cookies message. Une fois que vous avez \u00e9t\u00e9 alert\u00e9 de notre utilisation de cookies, un cookie est enregistr\u00e9 pour nous signaler que cette information vous est d\u00e9j\u00e0 communiqu\u00e9; ceci pour \u00e9viter de vous presenter le m\u00eame message \u00e0 chaque vistie de notre site.<\/li>\n<\/ul>\n<h4>Contr\u00f4ler et supprimer les cookies<\/h4>\n<p align=\"left\">Si vous souhaitez modifier le mode d&rsquo;utilisation des cookies d&rsquo;un navigateur, notamment le blocage ou la suppression des cookies des sites Web visit\u00e9s, vous pouvez modifier les param\u00e8tres du navigateur.<\/p>\n<p>Pour contr\u00f4ler les cookies, la plupart des navigateurs vous permettent d&rsquo;accepter ou de rejeter tous les cookies, de n&rsquo;accepter que certains types de cookies ou de vous poser la question chaque fois qu&rsquo;un site souhaite enregistrer un cookie. Il est \u00e9galement facile de supprimer les cookies qui ont \u00e9t\u00e9 enregistr\u00e9s sur votre ordinateur par un navigateur.<br \/>\nLes processus de contr\u00f4le et de suppression des cookies varient en fonction du navigateur que vous utilisez. Pour conna\u00eetre la marche \u00e0 suivre lorsque vous utilisez un navigateur particulier, vous pouvez utiliser la fonction Aide du navigateur.","protected":false},"excerpt":{"rendered":"<p>Comme sur un grand nombre de sites Web, lorsque vous consultez notre\u00a0site, nous pouvons \u00eatre amen\u00e9s \u00e0 installer, sous r\u00e9serve de votre choix, diff\u00e9rents cookies. Un cookie est un petit fichier d\u00e9pos\u00e9 par un site internet sur le terminal d\u2019un utilisateur et qui enregistre les param\u00e8tres Internet de celui-ci. Il est t\u00e9l\u00e9charg\u00e9 via le\u00a0navigateur lorsque [&hellip;]<\/p>\n","protected":false},"author":1,"featured_media":0,"parent":0,"menu_order":0,"comment_status":"closed","ping_status":"open","template":"","meta":{"_acf_changed":false,"_monsterinsights_skip_tracking":false,"_monsterinsights_sitenote_active":false,"_monsterinsights_sitenote_note":"","_monsterinsights_sitenote_category":0,"footnotes":""},"acf":[],"_links":{"self":[{"href":"https:\/\/chloe-fernstrom.fr\/fr\/wp-json\/wp\/v2\/pages\/459"}],"collection":[{"href":"https:\/\/chloe-fernstrom.fr\/fr\/wp-json\/wp\/v2\/pages"}],"about":[{"href":"https:\/\/chloe-fernstrom.fr\/fr\/wp-json\/wp\/v2\/types\/page"}],"author":[{"embeddable":true,"href":"https:\/\/chloe-fernstrom.fr\/fr\/wp-json\/wp\/v2\/users\/1"}],"replies":[{"embeddable":true,"href":"https:\/\/chloe-fernstrom.fr\/fr\/wp-json\/wp\/v2\/comments?post=459"}],"version-history":[{"count":0,"href":"https:\/\/chloe-fernstrom.fr\/fr\/wp-json\/wp\/v2\/pages\/459\/revisions"}],"wp:attachment":[{"href":"https:\/\/chloe-fernstrom.fr\/fr\/wp-json\/wp\/v2\/media?parent=459"}],"curies":[{"name":"wp","href":"https:\/\/api.w.org\/{rel}","templated":true}]}}