{"id":43,"date":"2014-08-27T15:02:20","date_gmt":"2014-08-27T13:02:20","guid":{"rendered":"http:\/\/chloe.fernstromonthe.net\/?page_id=43"},"modified":"2021-01-12T15:44:30","modified_gmt":"2021-01-12T14:44:30","slug":"services-linguistiques","status":"publish","type":"page","link":"https:\/\/chloe-fernstrom.fr\/fr\/domaines-dintervention\/services-linguistiques-aux-confreres\/","title":{"rendered":"Services linguistiques aux confr\u00e8res"},"content":{"rendered":"<strong>Area of expertise NOT BE USED FOR FRENCH<\/strong><\/p>\n<p>Le cabinet b\u00e9n\u00e9fice d\u2019une vaste exp\u00e9rience en mati\u00e8re de r\u00e9dactions d\u2019actes, de consultations juridiques et de contrats internationaux en fran\u00e7ais et en anglais.<\/p>\n<p>Il est donc en mesure d\u2019offrir \u00e0 ses confr\u00e8res une assistance linguistique dans la r\u00e9daction de documents internationaux en anglais, pour les avocats fran\u00e7ais non anglophones, et en fran\u00e7ais, pour les avocats \u00e9trangers non francophones.","protected":false},"excerpt":{"rendered":"<p>Area of expertise NOT BE USED FOR FRENCH Le cabinet b\u00e9n\u00e9fice d\u2019une vaste exp\u00e9rience en mati\u00e8re de r\u00e9dactions d\u2019actes, de consultations juridiques et de contrats internationaux en fran\u00e7ais et en anglais. Il est donc en mesure d\u2019offrir \u00e0 ses confr\u00e8res une assistance linguistique dans la r\u00e9daction de documents internationaux en anglais, pour les avocats fran\u00e7ais [&hellip;]<\/p>\n","protected":false},"author":2,"featured_media":0,"parent":31,"menu_order":3,"comment_status":"closed","ping_status":"closed","template":"","meta":{"_acf_changed":false,"_monsterinsights_skip_tracking":false,"_monsterinsights_sitenote_active":false,"_monsterinsights_sitenote_note":"","_monsterinsights_sitenote_category":0,"footnotes":""},"acf":[],"_links":{"self":[{"href":"https:\/\/chloe-fernstrom.fr\/fr\/wp-json\/wp\/v2\/pages\/43"}],"collection":[{"href":"https:\/\/chloe-fernstrom.fr\/fr\/wp-json\/wp\/v2\/pages"}],"about":[{"href":"https:\/\/chloe-fernstrom.fr\/fr\/wp-json\/wp\/v2\/types\/page"}],"author":[{"embeddable":true,"href":"https:\/\/chloe-fernstrom.fr\/fr\/wp-json\/wp\/v2\/users\/2"}],"replies":[{"embeddable":true,"href":"https:\/\/chloe-fernstrom.fr\/fr\/wp-json\/wp\/v2\/comments?post=43"}],"version-history":[{"count":1,"href":"https:\/\/chloe-fernstrom.fr\/fr\/wp-json\/wp\/v2\/pages\/43\/revisions"}],"predecessor-version":[{"id":1154,"href":"https:\/\/chloe-fernstrom.fr\/fr\/wp-json\/wp\/v2\/pages\/43\/revisions\/1154"}],"up":[{"embeddable":true,"href":"https:\/\/chloe-fernstrom.fr\/fr\/wp-json\/wp\/v2\/pages\/31"}],"wp:attachment":[{"href":"https:\/\/chloe-fernstrom.fr\/fr\/wp-json\/wp\/v2\/media?parent=43"}],"curies":[{"name":"wp","href":"https:\/\/api.w.org\/{rel}","templated":true}]}}