{"id":41,"date":"2014-08-27T15:01:55","date_gmt":"2014-08-27T13:01:55","guid":{"rendered":"http:\/\/chloe.fernstromonthe.net\/?page_id=41"},"modified":"2021-01-12T15:43:18","modified_gmt":"2021-01-12T14:43:18","slug":"contrats-economiques-et-commerciaux","status":"publish","type":"page","link":"https:\/\/chloe-fernstrom.fr\/fr\/domaines-dintervention\/contrats-economiques-et-commerciaux\/","title":{"rendered":"Contrats \u00e9conomiques et commerciaux"},"content":{"rendered":"<strong>Area of expertise NOT BE USED FOR FRENCH<\/strong><\/p>\n<p>Afin d&rsquo;encadrer et de s\u00e9curiser ses relations avec ses clients, ses fournisseurs et ses partenaires commerciaux, l&rsquo;entreprise est amen\u00e9e \u00e0 conclure des contrats de diff\u00e9rentes nature.<\/p>\n<p>Le cabinet assiste ses clients tout au long de leurs n\u00e9gociations pr\u00e9contractuelles et r\u00e9dige des contrats efficaces, \u00e9quilibr\u00e9s et sur-mesure, conformes aux r\u00e8glementations applicables notamment en mati\u00e8re de droit de la consommation et de la concurrence.<\/p>\n<p>Le cabinet dispose en outre d&rsquo;une comp\u00e9tence particuli\u00e8re en mati\u00e8re d&rsquo;audit et de r\u00e9daction, en fran\u00e7ais et en anglais, de tous types de contrats n\u00e9cessaires \u00e0 l&rsquo;activit\u00e9 d&rsquo;une entreprise, tels que les:<\/p>\n<ul>\n<li>contrats de vente<\/li>\n<li>contrats de prestation de service<\/li>\n<li>contrats d&rsquo;achat<\/li>\n<li>conditions g\u00e9n\u00e9rales de vente, conditions g\u00e9n\u00e9rales d\u2019achat<\/li>\n<li>contrats de commercialisation et de distribution<\/li>\n<li>contrats de partenariat<\/li>\n<\/ul>","protected":false},"excerpt":{"rendered":"<p>Area of expertise NOT BE USED FOR FRENCH Afin d&rsquo;encadrer et de s\u00e9curiser ses relations avec ses clients, ses fournisseurs et ses partenaires commerciaux, l&rsquo;entreprise est amen\u00e9e \u00e0 conclure des contrats de diff\u00e9rentes nature. Le cabinet assiste ses clients tout au long de leurs n\u00e9gociations pr\u00e9contractuelles et r\u00e9dige des contrats efficaces, \u00e9quilibr\u00e9s et sur-mesure, conformes [&hellip;]<\/p>\n","protected":false},"author":2,"featured_media":0,"parent":31,"menu_order":0,"comment_status":"closed","ping_status":"closed","template":"","meta":{"_acf_changed":false,"_monsterinsights_skip_tracking":false,"_monsterinsights_sitenote_active":false,"_monsterinsights_sitenote_note":"","_monsterinsights_sitenote_category":0,"footnotes":""},"acf":[],"_links":{"self":[{"href":"https:\/\/chloe-fernstrom.fr\/fr\/wp-json\/wp\/v2\/pages\/41"}],"collection":[{"href":"https:\/\/chloe-fernstrom.fr\/fr\/wp-json\/wp\/v2\/pages"}],"about":[{"href":"https:\/\/chloe-fernstrom.fr\/fr\/wp-json\/wp\/v2\/types\/page"}],"author":[{"embeddable":true,"href":"https:\/\/chloe-fernstrom.fr\/fr\/wp-json\/wp\/v2\/users\/2"}],"replies":[{"embeddable":true,"href":"https:\/\/chloe-fernstrom.fr\/fr\/wp-json\/wp\/v2\/comments?post=41"}],"version-history":[{"count":1,"href":"https:\/\/chloe-fernstrom.fr\/fr\/wp-json\/wp\/v2\/pages\/41\/revisions"}],"predecessor-version":[{"id":1151,"href":"https:\/\/chloe-fernstrom.fr\/fr\/wp-json\/wp\/v2\/pages\/41\/revisions\/1151"}],"up":[{"embeddable":true,"href":"https:\/\/chloe-fernstrom.fr\/fr\/wp-json\/wp\/v2\/pages\/31"}],"wp:attachment":[{"href":"https:\/\/chloe-fernstrom.fr\/fr\/wp-json\/wp\/v2\/media?parent=41"}],"curies":[{"name":"wp","href":"https:\/\/api.w.org\/{rel}","templated":true}]}}