{"id":39,"date":"2014-08-27T14:59:37","date_gmt":"2014-08-27T12:59:37","guid":{"rendered":"http:\/\/chloe.fernstromonthe.net\/?page_id=39"},"modified":"2021-01-12T15:44:08","modified_gmt":"2021-01-12T14:44:08","slug":"droit-de-la-consommation","status":"publish","type":"page","link":"https:\/\/chloe-fernstrom.fr\/fr\/domaines-dintervention\/droit-de-la-consommation\/","title":{"rendered":"Droit de la consommation"},"content":{"rendered":"<strong>Area of expertise NOT BE USED FOR FRENCH<\/strong><\/p>\n<ul>\n<li><strong>Contentieux\u00a0: <\/strong>Le cabinet assiste les entreprises et les particuliers dans tous les contentieux de la consommation (vente \u00e0 distance, d\u00e9marchage \u00e0 domicile, loteries, jeux et concours, publicit\u00e9, droits des passagers a\u00e9riens, cr\u00e9dits \u00e0 la consommation&#8230;).<\/li>\n<\/ul>\n<ul>\n<li><strong>Conseil<\/strong>\u00a0: le cabinet dispose \u00e9galement d&rsquo;une comp\u00e9tence particuli\u00e8re en mati\u00e8re de:<\/li>\n<\/ul>\n<p style=\"text-align: left;\">&#8211; r\u00e9daction de documents contractuels utilis\u00e9s par les entreprises dans leurs rapports avec les consommateurs, tels que les conditions g\u00e9n\u00e9rales de vente ou encore les r\u00e8glements de jeux;<\/p>\n<p style=\"text-align: left;\">\u00a0&#8211; r\u00e9daction de documents promotionnels et marketing conformes aux dispositions contraignantes du droit de la concurrence et de la consommation.<\/p>","protected":false},"excerpt":{"rendered":"<p>Area of expertise NOT BE USED FOR FRENCH Contentieux\u00a0: Le cabinet assiste les entreprises et les particuliers dans tous les contentieux de la consommation (vente \u00e0 distance, d\u00e9marchage \u00e0 domicile, loteries, jeux et concours, publicit\u00e9, droits des passagers a\u00e9riens, cr\u00e9dits \u00e0 la consommation&#8230;). Conseil\u00a0: le cabinet dispose \u00e9galement d&rsquo;une comp\u00e9tence particuli\u00e8re en mati\u00e8re de: &#8211; [&hellip;]<\/p>\n","protected":false},"author":2,"featured_media":0,"parent":31,"menu_order":0,"comment_status":"closed","ping_status":"closed","template":"","meta":{"_acf_changed":false,"_monsterinsights_skip_tracking":false,"_monsterinsights_sitenote_active":false,"_monsterinsights_sitenote_note":"","_monsterinsights_sitenote_category":0,"footnotes":""},"acf":[],"_links":{"self":[{"href":"https:\/\/chloe-fernstrom.fr\/fr\/wp-json\/wp\/v2\/pages\/39"}],"collection":[{"href":"https:\/\/chloe-fernstrom.fr\/fr\/wp-json\/wp\/v2\/pages"}],"about":[{"href":"https:\/\/chloe-fernstrom.fr\/fr\/wp-json\/wp\/v2\/types\/page"}],"author":[{"embeddable":true,"href":"https:\/\/chloe-fernstrom.fr\/fr\/wp-json\/wp\/v2\/users\/2"}],"replies":[{"embeddable":true,"href":"https:\/\/chloe-fernstrom.fr\/fr\/wp-json\/wp\/v2\/comments?post=39"}],"version-history":[{"count":1,"href":"https:\/\/chloe-fernstrom.fr\/fr\/wp-json\/wp\/v2\/pages\/39\/revisions"}],"predecessor-version":[{"id":1153,"href":"https:\/\/chloe-fernstrom.fr\/fr\/wp-json\/wp\/v2\/pages\/39\/revisions\/1153"}],"up":[{"embeddable":true,"href":"https:\/\/chloe-fernstrom.fr\/fr\/wp-json\/wp\/v2\/pages\/31"}],"wp:attachment":[{"href":"https:\/\/chloe-fernstrom.fr\/fr\/wp-json\/wp\/v2\/media?parent=39"}],"curies":[{"name":"wp","href":"https:\/\/api.w.org\/{rel}","templated":true}]}}