{"id":35,"date":"2014-08-27T14:56:13","date_gmt":"2014-08-27T12:56:13","guid":{"rendered":"http:\/\/chloe.fernstromonthe.net\/?page_id=35"},"modified":"2021-01-12T15:42:32","modified_gmt":"2021-01-12T14:42:32","slug":"concurrence-deloyale","status":"publish","type":"page","link":"https:\/\/chloe-fernstrom.fr\/fr\/domaines-dintervention\/concurrence-deloyale\/","title":{"rendered":"Concurrence d\u00e9loyale"},"content":{"rendered":"<strong>Area of expertise NOT BE USED FOR FRENCH<\/strong><\/p>\n<p>Le cabinet b\u00e9n\u00e9fice d\u2019une exp\u00e9rience particuli\u00e8re en mati\u00e8re de droit de la concurrence d\u00e9loyale et assiste ses clients face \u00e0 toutes sortes de pratiques affectant la p\u00e9rennit\u00e9 de leur entreprise telles que notamment :<\/p>\n<div class=\"su-spoiler su-spoiler-style-fancy su-spoiler-icon-caret su-spoiler-closed\" data-scroll-offset=\"0\" data-anchor-in-url=\"no\"><div class=\"su-spoiler-title\" tabindex=\"0\" role=\"button\"><span class=\"su-spoiler-icon\"><\/span>le parasitisme<\/div><div class=\"su-spoiler-content su-u-clearfix su-u-trim\">\n<p>Une entreprise peut subir un trouble commercial important lorsqu\u2019un concurrent adopte \u00e0 son \u00e9gard un comportement parasitaire en tentant de s\u2019approprier sans bourse d\u00e9lier son savoir-faire, son travail intellectuel et ses investissements. Ainsi, est pas exemple sanctionn\u00e9e:<\/p>\n<ul>\n<li>l\u2019utilisation de l\u2019argumentaire commercial ou promotionnel d\u2019une entreprise concurrente<\/li>\n<li>la reprise du code couleur constituant l\u2019identit\u00e9 d\u2019un concurrent<\/li>\n<li>l\u2019imitation d\u2019un produit concurrent qui n\u2019est pas prot\u00e9g\u00e9 par un droit de propri\u00e9t\u00e9 intellectuelle (droit d\u2019auteur, droit des marques, brevet)<\/li>\n<\/ul>\n<p>Un tel comportement est sanctionn\u00e9 m\u00eame lorsque les divers intervenants ne sont pas concurrents, et sans qu\u2019il soit forc\u00e9ment n\u00e9cessaire de d\u00e9montrer un risque de confusion entre ces derniers.<\/p>\n<p>Il s\u2019agit alors d\u2019une usurpation de notori\u00e9t\u00e9 consistant \u00e0 cr\u00e9er un rattachement fictif avec les produits ou la marque d\u2019une entreprise afin de tirer profit de son image et de sa r\u00e9putation en donnant l\u2019apparence de produits ou services connexes ou d\u00e9riv\u00e9s.<\/p>\n<\/div><\/div>\n<div class=\"su-spoiler su-spoiler-style-fancy su-spoiler-icon-caret su-spoiler-closed\" data-scroll-offset=\"0\" data-anchor-in-url=\"no\"><div class=\"su-spoiler-title\" tabindex=\"0\" role=\"button\"><span class=\"su-spoiler-icon\"><\/span>le d\u00e9nigrement<\/div><div class=\"su-spoiler-content su-u-clearfix su-u-trim\">\n<p>Les tribunaux sanctionnent le fait de jeter le discr\u00e9dit sur un concurrent, nomm\u00e9 ou ais\u00e9ment identifiable, en r\u00e9pandant \u00e0 son propos, ou au sujet de ses produits ou services, des informations malveillantes.<\/p>\n<\/div><\/div>\n<div class=\"su-spoiler su-spoiler-style-fancy su-spoiler-icon-caret su-spoiler-closed\" data-scroll-offset=\"0\" data-anchor-in-url=\"no\"><div class=\"su-spoiler-title\" tabindex=\"0\" role=\"button\"><span class=\"su-spoiler-icon\"><\/span>la d\u00e9sorganisation<\/div><div class=\"su-spoiler-content su-u-clearfix su-u-trim\">\n<p>La d\u00e9sorganisation d\u00e9loyale d\u2019une entreprise par un concurrent peut prendre diverses formes telles que l\u2019incitation \u00e0 la gr\u00e8ve du personnel, la divulgation d\u2019un savoir-faire ou encore, et c\u2019est sa forme la plus fr\u00e9quente, le d\u00e9bauchage de personnel.<\/p>\n<\/div><\/div>\n<div class=\"su-spoiler su-spoiler-style-fancy su-spoiler-icon-caret su-spoiler-closed\" data-scroll-offset=\"0\" data-anchor-in-url=\"no\"><div class=\"su-spoiler-title\" tabindex=\"0\" role=\"button\"><span class=\"su-spoiler-icon\"><\/span>le d\u00e9tournement de commandes<\/div><div class=\"su-spoiler-content su-u-clearfix su-u-trim\">\n<p>Le fait de d\u00e9tourner les commandes d\u2019un concurrent est sanctionn\u00e9 au titre de la concurrence d\u00e9loyale.<\/p>\n<p>Le d\u00e9tournement de commandes peut prendre diverses formes, telles que l\u2019incitation par un concurrent \u00e0 la r\u00e9siliation de commande en vue de les ex\u00e9cuter \u00e0 son profit ou encore le report, par un salari\u00e9 en pr\u00e9avis de d\u00e9part, de commandes sur la soci\u00e9t\u00e9 qu\u2019il a cr\u00e9\u00e9e;<\/p>\n<\/div><\/div>\n<div class=\"su-spoiler su-spoiler-style-fancy su-spoiler-icon-caret su-spoiler-closed\" data-scroll-offset=\"0\" data-anchor-in-url=\"no\"><div class=\"su-spoiler-title\" tabindex=\"0\" role=\"button\"><span class=\"su-spoiler-icon\"><\/span>la captation de client\u00e8le<\/div><div class=\"su-spoiler-content su-u-clearfix su-u-trim\">\n<p>S\u2019il n\u2019existe pas de droit privatif sur la client\u00e8le permettant de sanctionner le simple d\u00e9marchage de la client\u00e8le d\u2019un concurrent, un tel proc\u00e9d\u00e9 est sanctionn\u00e9 d\u00e8s lors qu\u2019il est accompagn\u00e9 d\u2019agissements d\u00e9loyaux.<\/p>\n<p>Tel est par exemple le cas lorsqu\u2019une entreprise prospecte syst\u00e9matiquement tous les clients de son concurrent ou encore lorsqu\u2019elle annonce de mani\u00e8re mensong\u00e8re la cessation d\u2019activit\u00e9 d\u2019un concurrent.<\/p>\n<\/div><\/div>","protected":false},"excerpt":{"rendered":"<p>Area of expertise NOT BE USED FOR FRENCH Le cabinet b\u00e9n\u00e9fice d\u2019une exp\u00e9rience particuli\u00e8re en mati\u00e8re de droit de la concurrence d\u00e9loyale et assiste ses clients face \u00e0 toutes sortes de pratiques affectant la p\u00e9rennit\u00e9 de leur entreprise telles que notamment :<\/p>\n","protected":false},"author":2,"featured_media":0,"parent":31,"menu_order":0,"comment_status":"closed","ping_status":"closed","template":"","meta":{"_acf_changed":false,"_monsterinsights_skip_tracking":false,"_monsterinsights_sitenote_active":false,"_monsterinsights_sitenote_note":"","_monsterinsights_sitenote_category":0,"footnotes":""},"acf":[],"_links":{"self":[{"href":"https:\/\/chloe-fernstrom.fr\/fr\/wp-json\/wp\/v2\/pages\/35"}],"collection":[{"href":"https:\/\/chloe-fernstrom.fr\/fr\/wp-json\/wp\/v2\/pages"}],"about":[{"href":"https:\/\/chloe-fernstrom.fr\/fr\/wp-json\/wp\/v2\/types\/page"}],"author":[{"embeddable":true,"href":"https:\/\/chloe-fernstrom.fr\/fr\/wp-json\/wp\/v2\/users\/2"}],"replies":[{"embeddable":true,"href":"https:\/\/chloe-fernstrom.fr\/fr\/wp-json\/wp\/v2\/comments?post=35"}],"version-history":[{"count":2,"href":"https:\/\/chloe-fernstrom.fr\/fr\/wp-json\/wp\/v2\/pages\/35\/revisions"}],"predecessor-version":[{"id":1149,"href":"https:\/\/chloe-fernstrom.fr\/fr\/wp-json\/wp\/v2\/pages\/35\/revisions\/1149"}],"up":[{"embeddable":true,"href":"https:\/\/chloe-fernstrom.fr\/fr\/wp-json\/wp\/v2\/pages\/31"}],"wp:attachment":[{"href":"https:\/\/chloe-fernstrom.fr\/fr\/wp-json\/wp\/v2\/media?parent=35"}],"curies":[{"name":"wp","href":"https:\/\/api.w.org\/{rel}","templated":true}]}}