{"id":33,"date":"2014-08-27T14:54:33","date_gmt":"2014-08-27T12:54:33","guid":{"rendered":"http:\/\/chloe.fernstromonthe.net\/?page_id=33"},"modified":"2021-01-12T15:42:56","modified_gmt":"2021-01-12T14:42:56","slug":"contentieux-commercial-general","status":"publish","type":"page","link":"https:\/\/chloe-fernstrom.fr\/fr\/domaines-dintervention\/contentieux-commercial-general\/","title":{"rendered":"Contentieux commercial g\u00e9n\u00e9ral"},"content":{"rendered":"<strong>Area of expertise NOT BE USED FOR FRENCH<\/strong><\/p>\n<p><strong>Lorsque les droits de son client sont menac\u00e9s ou s\u2019il leur a \u00e9t\u00e9 port\u00e9 atteinte<\/strong>, le cabinet envisage, dans la mesure du possible et en concertation avec son client, les possibilit\u00e9s d\u2019une solution amiable et l&rsquo;assiste, le cas \u00e9ch\u00e9ant, dans la n\u00e9gociation, la r\u00e9daction et l&rsquo;ex\u00e9cution de protocoles transactionnels.<\/p>\n<p>Lorsqu&rsquo;aucune issue amiable ne peut \u00eatre envisag\u00e9e ou trouv\u00e9e avec\u00a0 la partie adverse, le cabinet engage toutes <a href=\"http:\/\/www.lesbros-avocats.com\/le-cabinet\/contentieux\/\">proc\u00e9dures judiciaires<\/a> devant les juridictions civiles et commerciales n\u00e9cessaires \u00e0 la sauvegarde des droits de son client.<\/p>\n<p><strong>Lorsque son client est mis en cause devant une juridiction par un tiers<\/strong>, le cabinet \u00e9tablit et met en place en concertation avec ce dernier une strat\u00e9gie de d\u00e9fense pertinente et adapt\u00e9e.<\/p>\n<p>Le cabinet dispose d\u2019une comp\u00e9tence g\u00e9n\u00e9rale en mati\u00e8re de contentieux commercial incluant\u00a0les litiges portant sur:<\/p>\n<ul>\n<li>le droit des contrats<\/li>\n<li>la concurrence d\u00e9loyale<\/li>\n<li>les ruptures brutales de relations commerciales \u00e9tablies<\/li>\n<li>la contrefa\u00e7on<\/li>\n<li>les pratiques restrictives de concurrence<\/li>\n<li>le recouvrement d&rsquo;impay\u00e9s<\/li>\n<\/ul>","protected":false},"excerpt":{"rendered":"<p>Area of expertise NOT BE USED FOR FRENCH Lorsque les droits de son client sont menac\u00e9s ou s\u2019il leur a \u00e9t\u00e9 port\u00e9 atteinte, le cabinet envisage, dans la mesure du possible et en concertation avec son client, les possibilit\u00e9s d\u2019une solution amiable et l&rsquo;assiste, le cas \u00e9ch\u00e9ant, dans la n\u00e9gociation, la r\u00e9daction et l&rsquo;ex\u00e9cution de [&hellip;]<\/p>\n","protected":false},"author":2,"featured_media":0,"parent":31,"menu_order":0,"comment_status":"closed","ping_status":"closed","template":"","meta":{"_acf_changed":false,"_monsterinsights_skip_tracking":false,"_monsterinsights_sitenote_active":false,"_monsterinsights_sitenote_note":"","_monsterinsights_sitenote_category":0,"footnotes":""},"acf":[],"_links":{"self":[{"href":"https:\/\/chloe-fernstrom.fr\/fr\/wp-json\/wp\/v2\/pages\/33"}],"collection":[{"href":"https:\/\/chloe-fernstrom.fr\/fr\/wp-json\/wp\/v2\/pages"}],"about":[{"href":"https:\/\/chloe-fernstrom.fr\/fr\/wp-json\/wp\/v2\/types\/page"}],"author":[{"embeddable":true,"href":"https:\/\/chloe-fernstrom.fr\/fr\/wp-json\/wp\/v2\/users\/2"}],"replies":[{"embeddable":true,"href":"https:\/\/chloe-fernstrom.fr\/fr\/wp-json\/wp\/v2\/comments?post=33"}],"version-history":[{"count":1,"href":"https:\/\/chloe-fernstrom.fr\/fr\/wp-json\/wp\/v2\/pages\/33\/revisions"}],"predecessor-version":[{"id":1150,"href":"https:\/\/chloe-fernstrom.fr\/fr\/wp-json\/wp\/v2\/pages\/33\/revisions\/1150"}],"up":[{"embeddable":true,"href":"https:\/\/chloe-fernstrom.fr\/fr\/wp-json\/wp\/v2\/pages\/31"}],"wp:attachment":[{"href":"https:\/\/chloe-fernstrom.fr\/fr\/wp-json\/wp\/v2\/media?parent=33"}],"curies":[{"name":"wp","href":"https:\/\/api.w.org\/{rel}","templated":true}]}}